{"id":9017,"date":"2017-05-03T19:10:27","date_gmt":"2017-05-03T17:10:27","guid":{"rendered":"https:\/\/segantiniearco.it\/privacy-policy\/"},"modified":"2017-12-28T18:36:34","modified_gmt":"2017-12-28T17:36:34","slug":"privacy-policy","status":"publish","type":"page","link":"https:\/\/segantiniearco.it\/en\/privacy-policy\/","title":{"rendered":"Privacy Policy"},"content":{"rendered":"<div id=\"pl-9017\"  class=\"panel-layout\" ><div id=\"pg-9017-0\"  class=\"panel-grid panel-no-style\" ><div id=\"pgc-9017-0-0\"  class=\"panel-grid-cell panel-grid-cell-empty\" ><\/div><div id=\"pgc-9017-0-1\"  class=\"panel-grid-cell panel-grid-cell-mobile-last\" ><div id=\"panel-9017-0-1-0\" class=\"\" data-index=\"0\" ><div\n\t\t\t\n\t\t\tclass=\"so-widget-sow-editor so-widget-sow-editor-base\"\n\t\t\t\n\t\t>\n<div class=\"siteorigin-widget-tinymce textwidget\">\n\t<h1 class=\"gold\">LIBERATORIA<\/h1>\n<p>Il Museo Alto Garda (\u201cMAG\u201d) e il Museo di Arte Contemporanea di Trento e Rovereto (\"Mart\") offrono i\u00a0 contenuti (testi, audio, video, immagini, prodotti e servizi, collettivamente \"Contenuti\") pubblicati su questo sito web (\"sito\") a scopo didattico, scientifico e ricreativo, e pi\u00f9 in generale per concretizzare le missioni dei rispettivi statuti relative alla promozione della conoscenza del proprio patrimonio e programma di attivit\u00e0. In particolare, il MAG e il Mart non autorizzano in alcun modo l\u2019uso dei Contenuti pubblicati a scopo commerciale.<\/p>\n<p>Utilizzando il sito web l\u2019utente accetta senza limitazioni le condizioni che lo rendono fruibile. Il Mart si riserva il diritto di rivedere queste condizioni in ogni momento e senza preavviso. Le revisioni alle condizioni di utilizzo hanno effetto immediato. L\u2019utente che non accetta le condizioni in atto al momento dell\u2019accesso \u00e8 invitato a non consultare il sito web.<\/p>\n<p>&nbsp;<\/p>\n<h3>USO DEI CONTENUTI<\/h3>\n<p>Sul sito web tutti i contenuti accessibili su o attraverso di esso, sono messi a disposizione degli utenti senza in alcun modo avallare n\u00e9 controllare gli usi che gli utenti stessi ne possono fare.<\/p>\n<p>Il sito web pu\u00f2 contenere o linkare a Contenuti creati o caricati da terze parti (\"Contenuti di terze parti\"). I Contenuti di terze parti non rappresentano necessariamente le opinioni del Mag e del Mart, della sua dirigenza, dei suoi dipendenti e collaboratori, e non rispettano necessariamente i criteri della tutela della privacy osservati dai Contenuti presenti sul sito. Il Mag e il Mart non controllano, monitorano, avallano o garantiscono in alcun modo i Contenuti di terze parti. In nessun caso il Mag e il Mart potranno essere ritenuti responsabili, direttamente o indirettamente, per danni o perdite causate o che si pensa possano essere state causate dall'uso o dal riferimento a Contenuti di terze parti reperiti su o attraverso il nostro Sito.<\/p>\n<p>Il Mag e il Mart non si ritengono in alcun modo responsabili per attivit\u00e0 dolose compiute dall\u2019utente attraverso lo dallo scaricamento o l'utilizzo di Contenuti presenti sul proprio Sito web o accessibili attraverso di esso.<\/p>\n<p>I Contenuti presenti sul sito web possono essere cambiati o rimossi senza notizia preventiva.<\/p>\n<p>&nbsp;<\/p>\n<h3>COPYRIGHT<\/h3>\n<p>I Contenuti pubblicati sul sito web possono in alcuni casi essere soggetti a copyright da parte dei detentori di diritti di riproduzione. Il MAG e il Mart hanno compiuto in buona fede tutti gli sforzi necessari per adempiere a restrizioni o divieti relative a tali diritti di riproduzioni, e hanno limitato in modo chiaro e comprensibile l\u2019uso dei contenuti a scopi didattici, scientifici e ricreativi. Il MAG e il Mart sono disponibili in ogni momento a rimuovere Contenuti di terze parti ospitati su questo sito.<\/p>\n<p>I diritti riguardanti l'uso delle immagini di opere d'arte esposte in ogni pagina del sito appartengono ai rispettivi proprietari. Chi scarica, usa o trasmette Contenuti reperiti su o attraverso il sito non pu\u00f2 ritenere in nessun modo assolte le competenze spettanti ai detentori dei rispettivi diritti di tali Contenuti. L\u2019utente quindi resta tenuto a verificare in modo autonomo la sussistenza di tali diritti e ad adempiere ad eventuali disposizioni di legge che ne derivano.<\/p>\n<p>I nomi, marchi, loghi ed elementi grafici coordinati che appaiono sul sito sono marchi, registrati o non registrati, di propriet\u00e0 del MAG, e non possono essere usati senza autorizzazione scritta da parte del MAG. E\u2019 possibile che sul sito appaiano marchi di terze parti. Anche questi non possono essere utilizzati senza autorizzazione scritta da parte del MAG.<\/p>\n<p>&nbsp;<\/p>\n<h3>TUTELA DELLA PRIVACY<\/h3>\n<p>Ai sensi dell\u2019art. 13 del D.Lgs. n. 196\/2003 (codice sulla protezione dei dati personali) informiamo i nostri utenti sui seguenti punti: Il MAG pu\u00f2 raccogliere dati personali degli utenti che navigano sul sito unicamente allo scopo di migliorare la propria offerta culturale, di indirizzarla agli utenti in modo pi\u00f9 preciso e in conformit\u00e0 con la propria mission e con il proprio Statuto di ente pubblico.<\/p>\n<p>&nbsp;<\/p>\n<h3>TITOLARE DEL TRATTAMENTO<\/h3>\n<p>Titolare del trattamento \u00e8 il MAG, Piazza C. Battisti, 3\/A 38066 Riva del Garda<\/p>\n<p>tel. 0464 573869 <a href=\"mailto:info@museoaltogarda.it\">info@museoaltogarda.it<\/a> fax 0464 573868<\/p>\n<p>&nbsp;<\/p>\n<h3>MODALIT\u00c0 DEL TRATTAMENTO E COMUNICAZIONE DEI DATI<\/h3>\n<p>Il trattamento dei dati avviene in modalit\u00e0 cartacea e\/o con l'ausilio di strumenti elettronici che hanno lo scopo di memorizzare, gestire e trasmettere i dati stessi, con logiche strettamente correlate alle finalit\u00e0 stesse. I dati sono curati solo da personale del Museo incaricato del trattamento, oppure da eventuali incaricati di occasionali operazioni di manutenzione.<\/p>\n<p>I dati dell'utente che ha acconsentito al trattamento non vengono ceduti a terzi da parte del MAG ma possono essere comunicati, qualora necessario, in tutto o in parte, a:<\/p>\n<p>- amministrazioni, autorit\u00e0 ed enti pubblici, nazionali e\/o esteri, in adempimento degli obblighi previsti dalla legge, regolamenti o dalle normative comunitaria;<\/p>\n<p>- a tutte le persone fisiche e\/o giuridiche, pubbliche e private, qualora la comunicazione sia necessaria o utile e strumentale alle finalit\u00e0 suddette come, ad esempio, societ\u00e0 che svolgono attivit\u00e0 di trasmissione e smistamento della corrispondenza, societ\u00e0 che prestano servizi nel settore della posta elettronica, ditte di trasporto; istituti di credito con cui il nostro Ente intrattiene rapporti di tipo finanziario, consulenti o societ\u00e0 di servizi e i loro collaboratori che svolgono per conto del nostro Ente, nell'ambito degli obblighi e dei diritti previsti dalla legge, specifici incarichi come uffici di consulenza legale e fiscale, revisori dei conti. Inoltre, possono venire a conoscenza dei dati personali dell'utente, nell'ambito delle finalit\u00e0 di cui sopra, gli incaricati, interni e\/o esterni, del nostro Ente quali: gli incaricati del settore amministrativo (contabilit\u00e0, segreteria, ecc.), gli incaricati del nostro ufficio stampa e della nostra biblioteca, i tecnici preposti alla manutenzione del nostro sistema informatico.<\/p>\n<p>&nbsp;<\/p>\n<h3>TIPI DI DATI TRATTATI<\/h3>\n<h4>Dati di navigazione<\/h4>\n<p>I sistemi informatici e le procedure software preposte al funzionamento di questo sito web acquisiscono, nel corso del loro normale esercizio, alcuni dati personali la cui trasmissione implicita nell\u2019uso dei protocolli di comunicazione di Internet.<\/p>\n<p>Si tratta di informazioni che non sono raccolte per essere associate a interessati identificati, ma che per loro stessa natura potrebbero, attraverso elaborazioni ed associazioni con dati detenuti da terzi, permettere di identificare gli utenti. In questa categoria di dati rientrano gli indirizzi IP o i nomi a dominio dei computer utilizzati<\/p>\n<p>dagli utenti che si connettono al sito, gli indirizzi in notazione URI (Uniform Resource Identifier) delle risorse richieste, l\u2019orario della richiesta, il metodo utilizzato nel sottoporre la richiesta al server, la dimensione del file ottenuto in risposta, il codice numerico indicante lo stato della risposta data dal server (buon fine, errore, ecc.) ed altri parametri relativi al sistema operativo e all\u2019ambiente informatico dell\u2019utente.<\/p>\n<p>Questi dati vengono utilizzati al solo fine di ricavare informazioni statistiche anonime sull\u2019uso del sito e per controllarne il corretto funzionamento e vengono cancellati immediatamente dopo l\u2019elaborazione. I dati potrebbero essere utilizzati per l\u2019accertamento di responsabilit\u00e0 in caso di ipotetici reati informatici ai danni del sito: salva questa eventualit\u00e0, allo stato i dati sui contatti web non persistono per pi\u00f9 di sette giorni.<\/p>\n<h4>Dati forniti volontariamente dall\u2019utente per la fruizione di servizi<\/h4>\n<p>Il trattamento a cui saranno sottoposti i dati sar\u00e0 effettuato ai sensi della normativa vigente, esclusivamente per il solo invio, cartaceo o elettronico, del materiale di comunicazione degli eventi organizzati. I dati raccolti per le predette finalit\u00e0 sono registrati e trattati con l\u2019ausilio di mezzi elettronici e cartacei, idonei a garantire la riservatezza e la sicurezza degli stessi. Il conferimento dei dati \u00e8 necessario per l\u2019espletamento degli adempimenti connessi al ricevimento del materiale di comunicazione degli eventi organizzati.<\/p>\n<p>Il consenso rilasciato si intende valido sino ad espressa revoca che deve essere comunicata tramite e-mail all\u2019indirizzo <a href=\"mailto:info@museoaltogarda.it\">info@museoaltogarda.it<\/a> o con lettera indirizzata alla nostra sede. Il consenso rilasciato si intende valido sino ad espressa revoca che deve essere comunicata tramite e-mail all\u2019indirizzo <a href=\"mailto:info@museoaltogarda.it\">info@museoaltogarda.it<\/a> o con lettera indirizzata alla nostra sede.<\/p>\n<p>&nbsp;<\/p>\n<h4>Cookies<\/h4>\n<p>Non viene fatto uso di cookies per la trasmissione di informazioni di carattere personale, non vengono utilizzati cookies persistenti di alcun tipo, ovvero sistemi per il tracciamento degli utenti. L\u2019uso di cookies di sessione (che non vengono memorizzati in modo persistente sul computer dell\u2019utente e svaniscono con la chiusura del browser) strettamente limitato alla trasmissione di identificativi di sessione (costituiti da numeri casuali generati dal server) necessari per consentire l\u2019esplorazione sicura ed efficiente del sito. I cookies di sessione utilizzati in questo sito evitano il ricorso ad altre tecniche informatiche potenzialmente pregiudizievoli per la riservatezza della navigazione degli utenti e non consentono l\u2019acquisizione di dati personali identificativi dell\u2019utente.<\/p>\n<p>&nbsp;<\/p>\n<h4>Natura del conferimento dei dati e conseguenze in caso di rifiuto<\/h4>\n<p>Il conferimento dei propri dati personali \u00e8 facoltativo, fintantoch\u00e9 non sia richiesto per adempiere ad obblighi di legge o contrattuali. In caso di rifiuto dell'utente a conferire i dati o a consentire al loro trattamento ne potr\u00e0 derivare l'impossibilit\u00e0 di inviare il nostro materiale informativo, promozionale e pubblicitario. Questo rifiuto non ha alcuna conseguenza sugli altri servizi da noi forniti.<\/p>\n<p>&nbsp;<\/p>\n<h4>Diritti dell\u2019interessato<\/h4>\n<p>In qualit\u00e0 di soggetto interessato, sono riconosciuti all'utente i diritti di cui all'art. 7 del D.Lgs. 196\/2003 fra cui il diritto di ottenere conferma dell'esistenza o meno di dati personali che lo riguardano, il diritto di ottenere l'aggiornamento, la rettifica ovvero l'integrazione dei dati, il diritto di ottenere la cancellazione, la trasformazione<\/p>\n<p>in forma anonima o il blocco dei dati trattati in violazione di legge, il diritto di opporsi, per motivi legittimi al trattamento dei propri dati personali, nonch\u00e9 il diritto di opporsi al trattamento dei dati personali ai fini dell'invio di materiale informativo, promozionale, pubblicitario.<\/p>\n<p>I diritti di cui sopra possono essere esercitati presso il titolare del trattamento.<\/p>\n<\/div>\n<\/div><\/div><\/div><div id=\"pgc-9017-0-2\"  class=\"panel-grid-cell panel-grid-cell-empty\" ><\/div><\/div><\/div>","protected":false},"excerpt":{"rendered":"<p>LIBERATORIA Il Museo Alto Garda (\u201cMAG\u201d) e il Museo di Arte Contemporanea di Trento e Rovereto (&#8220;Mart&#8221;) offrono i\u00a0 contenuti (testi, audio, video, immagini, prodotti e servizi, collettivamente &#8220;Contenuti&#8221;) pubblicati su questo sito web (&#8220;sito&#8221;) a scopo didattico, scientifico e ricreativo, e pi\u00f9 in generale per concretizzare le missioni dei rispettivi statuti relative alla promozione&#8230;<\/p>\n","protected":false},"author":1,"featured_media":0,"parent":0,"menu_order":0,"comment_status":"closed","ping_status":"closed","template":"","meta":{"footnotes":""},"class_list":["post-9017","page","type-page","status-publish","hentry"],"yoast_head":"<!-- This site is optimized with the Yoast SEO plugin v27.3 - https:\/\/yoast.com\/product\/yoast-seo-wordpress\/ -->\n<title>Privacy Policy - Giovanni Segantini<\/title>\n<meta name=\"robots\" content=\"index, follow, max-snippet:-1, max-image-preview:large, max-video-preview:-1\" \/>\n<link rel=\"canonical\" href=\"https:\/\/segantiniearco.it\/en\/privacy-policy\/\" \/>\n<meta property=\"og:locale\" content=\"en_US\" \/>\n<meta property=\"og:type\" content=\"article\" \/>\n<meta property=\"og:title\" content=\"Privacy Policy - Giovanni Segantini\" \/>\n<meta property=\"og:description\" content=\"LIBERATORIA Il Museo Alto Garda (\u201cMAG\u201d) e il Museo di Arte Contemporanea di Trento e Rovereto (&quot;Mart&quot;) offrono i\u00a0 contenuti (testi, audio, video, immagini, prodotti e servizi, collettivamente &quot;Contenuti&quot;) pubblicati su questo sito web (&quot;sito&quot;) a scopo didattico, scientifico e ricreativo, e pi\u00f9 in generale per concretizzare le missioni dei rispettivi statuti relative alla promozione...\" \/>\n<meta property=\"og:url\" content=\"https:\/\/segantiniearco.it\/en\/privacy-policy\/\" \/>\n<meta property=\"og:site_name\" content=\"Giovanni Segantini\" \/>\n<meta property=\"article:publisher\" content=\"https:\/\/www.facebook.com\/MagMuseo\/?fref=ts\" \/>\n<meta property=\"article:modified_time\" content=\"2017-12-28T17:36:34+00:00\" \/>\n<meta name=\"twitter:card\" content=\"summary_large_image\" \/>\n<meta name=\"twitter:site\" content=\"@MAGMuseoGarda\" \/>\n<meta name=\"twitter:label1\" content=\"Est. reading time\" \/>\n\t<meta name=\"twitter:data1\" content=\"8 minutes\" \/>\n<script type=\"application\/ld+json\" class=\"yoast-schema-graph\">{\"@context\":\"https:\\\/\\\/schema.org\",\"@graph\":[{\"@type\":\"WebPage\",\"@id\":\"https:\\\/\\\/segantiniearco.it\\\/en\\\/privacy-policy\\\/\",\"url\":\"https:\\\/\\\/segantiniearco.it\\\/en\\\/privacy-policy\\\/\",\"name\":\"Privacy Policy - Giovanni Segantini\",\"isPartOf\":{\"@id\":\"https:\\\/\\\/segantiniearco.it\\\/en\\\/#website\"},\"datePublished\":\"2017-05-03T17:10:27+00:00\",\"dateModified\":\"2017-12-28T17:36:34+00:00\",\"breadcrumb\":{\"@id\":\"https:\\\/\\\/segantiniearco.it\\\/en\\\/privacy-policy\\\/#breadcrumb\"},\"inLanguage\":\"en-US\",\"potentialAction\":[{\"@type\":\"ReadAction\",\"target\":[\"https:\\\/\\\/segantiniearco.it\\\/en\\\/privacy-policy\\\/\"]}]},{\"@type\":\"BreadcrumbList\",\"@id\":\"https:\\\/\\\/segantiniearco.it\\\/en\\\/privacy-policy\\\/#breadcrumb\",\"itemListElement\":[{\"@type\":\"ListItem\",\"position\":1,\"name\":\"Home\",\"item\":\"https:\\\/\\\/segantiniearco.it\\\/en\\\/\"},{\"@type\":\"ListItem\",\"position\":2,\"name\":\"Privacy Policy\"}]},{\"@type\":\"WebSite\",\"@id\":\"https:\\\/\\\/segantiniearco.it\\\/en\\\/#website\",\"url\":\"https:\\\/\\\/segantiniearco.it\\\/en\\\/\",\"name\":\"Giovanni Segantini\",\"description\":\"Giovanni Segantini e la sua citt\u00e0 natale - Arco di Trento\",\"publisher\":{\"@id\":\"https:\\\/\\\/segantiniearco.it\\\/en\\\/#organization\"},\"potentialAction\":[{\"@type\":\"SearchAction\",\"target\":{\"@type\":\"EntryPoint\",\"urlTemplate\":\"https:\\\/\\\/segantiniearco.it\\\/en\\\/?s={search_term_string}\"},\"query-input\":{\"@type\":\"PropertyValueSpecification\",\"valueRequired\":true,\"valueName\":\"search_term_string\"}}],\"inLanguage\":\"en-US\"},{\"@type\":\"Organization\",\"@id\":\"https:\\\/\\\/segantiniearco.it\\\/en\\\/#organization\",\"name\":\"Galleria Segantini\",\"url\":\"https:\\\/\\\/segantiniearco.it\\\/en\\\/\",\"logo\":{\"@type\":\"ImageObject\",\"inLanguage\":\"en-US\",\"@id\":\"https:\\\/\\\/segantiniearco.it\\\/en\\\/#\\\/schema\\\/logo\\\/image\\\/\",\"url\":\"https:\\\/\\\/segantiniearco.it\\\/wp-content\\\/uploads\\\/2017\\\/04\\\/logo-mag@2x.png\",\"contentUrl\":\"https:\\\/\\\/segantiniearco.it\\\/wp-content\\\/uploads\\\/2017\\\/04\\\/logo-mag@2x.png\",\"width\":144,\"height\":146,\"caption\":\"Galleria Segantini\"},\"image\":{\"@id\":\"https:\\\/\\\/segantiniearco.it\\\/en\\\/#\\\/schema\\\/logo\\\/image\\\/\"},\"sameAs\":[\"https:\\\/\\\/www.facebook.com\\\/MagMuseo\\\/?fref=ts\",\"https:\\\/\\\/x.com\\\/MAGMuseoGarda\",\"https:\\\/\\\/www.instagram.com\\\/magmuseo\\\/\",\"https:\\\/\\\/www.youtube.com\\\/channel\\\/UC0YqYz4o5e7jRi74yer0UUg\"]}]}<\/script>\n<!-- \/ Yoast SEO plugin. -->","yoast_head_json":{"title":"Privacy Policy - Giovanni Segantini","robots":{"index":"index","follow":"follow","max-snippet":"max-snippet:-1","max-image-preview":"max-image-preview:large","max-video-preview":"max-video-preview:-1"},"canonical":"https:\/\/segantiniearco.it\/en\/privacy-policy\/","og_locale":"en_US","og_type":"article","og_title":"Privacy Policy - Giovanni Segantini","og_description":"LIBERATORIA Il Museo Alto Garda (\u201cMAG\u201d) e il Museo di Arte Contemporanea di Trento e Rovereto (\"Mart\") offrono i\u00a0 contenuti (testi, audio, video, immagini, prodotti e servizi, collettivamente \"Contenuti\") pubblicati su questo sito web (\"sito\") a scopo didattico, scientifico e ricreativo, e pi\u00f9 in generale per concretizzare le missioni dei rispettivi statuti relative alla promozione...","og_url":"https:\/\/segantiniearco.it\/en\/privacy-policy\/","og_site_name":"Giovanni Segantini","article_publisher":"https:\/\/www.facebook.com\/MagMuseo\/?fref=ts","article_modified_time":"2017-12-28T17:36:34+00:00","twitter_card":"summary_large_image","twitter_site":"@MAGMuseoGarda","twitter_misc":{"Est. reading time":"8 minutes"},"schema":{"@context":"https:\/\/schema.org","@graph":[{"@type":"WebPage","@id":"https:\/\/segantiniearco.it\/en\/privacy-policy\/","url":"https:\/\/segantiniearco.it\/en\/privacy-policy\/","name":"Privacy Policy - Giovanni Segantini","isPartOf":{"@id":"https:\/\/segantiniearco.it\/en\/#website"},"datePublished":"2017-05-03T17:10:27+00:00","dateModified":"2017-12-28T17:36:34+00:00","breadcrumb":{"@id":"https:\/\/segantiniearco.it\/en\/privacy-policy\/#breadcrumb"},"inLanguage":"en-US","potentialAction":[{"@type":"ReadAction","target":["https:\/\/segantiniearco.it\/en\/privacy-policy\/"]}]},{"@type":"BreadcrumbList","@id":"https:\/\/segantiniearco.it\/en\/privacy-policy\/#breadcrumb","itemListElement":[{"@type":"ListItem","position":1,"name":"Home","item":"https:\/\/segantiniearco.it\/en\/"},{"@type":"ListItem","position":2,"name":"Privacy Policy"}]},{"@type":"WebSite","@id":"https:\/\/segantiniearco.it\/en\/#website","url":"https:\/\/segantiniearco.it\/en\/","name":"Giovanni Segantini","description":"Giovanni Segantini e la sua citt\u00e0 natale - Arco di Trento","publisher":{"@id":"https:\/\/segantiniearco.it\/en\/#organization"},"potentialAction":[{"@type":"SearchAction","target":{"@type":"EntryPoint","urlTemplate":"https:\/\/segantiniearco.it\/en\/?s={search_term_string}"},"query-input":{"@type":"PropertyValueSpecification","valueRequired":true,"valueName":"search_term_string"}}],"inLanguage":"en-US"},{"@type":"Organization","@id":"https:\/\/segantiniearco.it\/en\/#organization","name":"Galleria Segantini","url":"https:\/\/segantiniearco.it\/en\/","logo":{"@type":"ImageObject","inLanguage":"en-US","@id":"https:\/\/segantiniearco.it\/en\/#\/schema\/logo\/image\/","url":"https:\/\/segantiniearco.it\/wp-content\/uploads\/2017\/04\/logo-mag@2x.png","contentUrl":"https:\/\/segantiniearco.it\/wp-content\/uploads\/2017\/04\/logo-mag@2x.png","width":144,"height":146,"caption":"Galleria Segantini"},"image":{"@id":"https:\/\/segantiniearco.it\/en\/#\/schema\/logo\/image\/"},"sameAs":["https:\/\/www.facebook.com\/MagMuseo\/?fref=ts","https:\/\/x.com\/MAGMuseoGarda","https:\/\/www.instagram.com\/magmuseo\/","https:\/\/www.youtube.com\/channel\/UC0YqYz4o5e7jRi74yer0UUg"]}]}},"_links":{"self":[{"href":"https:\/\/segantiniearco.it\/en\/wp-json\/wp\/v2\/pages\/9017","targetHints":{"allow":["GET"]}}],"collection":[{"href":"https:\/\/segantiniearco.it\/en\/wp-json\/wp\/v2\/pages"}],"about":[{"href":"https:\/\/segantiniearco.it\/en\/wp-json\/wp\/v2\/types\/page"}],"author":[{"embeddable":true,"href":"https:\/\/segantiniearco.it\/en\/wp-json\/wp\/v2\/users\/1"}],"replies":[{"embeddable":true,"href":"https:\/\/segantiniearco.it\/en\/wp-json\/wp\/v2\/comments?post=9017"}],"version-history":[{"count":0,"href":"https:\/\/segantiniearco.it\/en\/wp-json\/wp\/v2\/pages\/9017\/revisions"}],"wp:attachment":[{"href":"https:\/\/segantiniearco.it\/en\/wp-json\/wp\/v2\/media?parent=9017"}],"curies":[{"name":"wp","href":"https:\/\/api.w.org\/{rel}","templated":true}]}}